{"id":3497,"date":"2022-08-13T07:10:54","date_gmt":"2022-08-13T06:10:54","guid":{"rendered":"https:\/\/www.forwardis.com\/homepage\/"},"modified":"2025-03-20T13:11:51","modified_gmt":"2025-03-20T13:11:51","slug":"homepage","status":"publish","type":"page","link":"https:\/\/www.forwardis.com\/de\/","title":{"rendered":"INTERNATIONALE SPEDITION MIT DEM SCHWERPUNKT: EISENBAHN- UND MULTIMODALER TRANSPORT"},"content":{"rendered":"","protected":false},"excerpt":{"rendered":"","protected":false},"author":1,"featured_media":0,"parent":0,"menu_order":0,"comment_status":"closed","ping_status":"closed","template":"","meta":{"_acf_changed":false,"inline_featured_image":false,"footnotes":""},"class_list":["post-3497","page","type-page","status-publish","hentry"],"acf":[],"yoast_head":"<!-- This site is optimized with the Yoast SEO plugin v26.9 - https:\/\/yoast.com\/product\/yoast-seo-wordpress\/ -->\n<title>INTERNATIONALE SPEDITION MIT DEM SCHWERPUNKT: EISENBAHN- UND MULTIMODALER TRANSPORT - Forwardis<\/title>\n<meta name=\"description\" content=\"Erleben Sie effizienten Schienen- und multimodalen G\u00fctertransport mit unseren innovativen Transportl\u00f6sungen in ganz Europa und dar\u00fcber hinaus.\" \/>\n<meta name=\"robots\" content=\"index, follow, max-snippet:-1, max-image-preview:large, max-video-preview:-1\" \/>\n<link rel=\"canonical\" href=\"https:\/\/www.forwardis.com\/de\/\" \/>\n<meta property=\"og:locale\" content=\"de_DE\" \/>\n<meta property=\"og:type\" content=\"article\" \/>\n<meta property=\"og:title\" content=\"INTERNATIONALE SPEDITION MIT DEM SCHWERPUNKT: EISENBAHN- UND MULTIMODALER TRANSPORT - Forwardis\" \/>\n<meta property=\"og:description\" content=\"Erleben Sie effizienten Schienen- und multimodalen G\u00fctertransport mit unseren innovativen Transportl\u00f6sungen in ganz Europa und dar\u00fcber hinaus.\" \/>\n<meta property=\"og:url\" content=\"https:\/\/www.forwardis.com\/de\/\" \/>\n<meta property=\"og:site_name\" content=\"Forwardis\" \/>\n<meta property=\"article:modified_time\" content=\"2025-03-20T13:11:51+00:00\" \/>\n<meta name=\"twitter:card\" content=\"summary_large_image\" \/>\n<meta name=\"twitter:site\" content=\"@Forwardisgroup\" \/>\n<script type=\"application\/ld+json\" class=\"yoast-schema-graph\">{\"@context\":\"https:\/\/schema.org\",\"@graph\":[{\"@type\":\"WebPage\",\"@id\":\"https:\/\/www.forwardis.com\/de\/\",\"url\":\"https:\/\/www.forwardis.com\/de\/\",\"name\":\"INTERNATIONALE SPEDITION MIT DEM SCHWERPUNKT: EISENBAHN- UND MULTIMODALER TRANSPORT - Forwardis\",\"isPartOf\":{\"@id\":\"https:\/\/www.forwardis.com\/#website\"},\"datePublished\":\"2022-08-13T06:10:54+00:00\",\"dateModified\":\"2025-03-20T13:11:51+00:00\",\"description\":\"Erleben Sie effizienten Schienen- und multimodalen G\u00fctertransport mit unseren innovativen Transportl\u00f6sungen in ganz Europa und dar\u00fcber hinaus.\",\"breadcrumb\":{\"@id\":\"https:\/\/www.forwardis.com\/de\/#breadcrumb\"},\"inLanguage\":\"de\",\"potentialAction\":[{\"@type\":\"ReadAction\",\"target\":[\"https:\/\/www.forwardis.com\/de\/\"]}]},{\"@type\":\"BreadcrumbList\",\"@id\":\"https:\/\/www.forwardis.com\/de\/#breadcrumb\",\"itemListElement\":[{\"@type\":\"ListItem\",\"position\":1,\"name\":\"Home\",\"item\":\"https:\/\/www.forwardis.com\/de\/\"},{\"@type\":\"ListItem\",\"position\":2,\"name\":\"INTERNATIONALE SPEDITION MIT DEM SCHWERPUNKT: EISENBAHN- UND MULTIMODALER TRANSPORT\"}]},{\"@type\":\"WebSite\",\"@id\":\"https:\/\/www.forwardis.com\/#website\",\"url\":\"https:\/\/www.forwardis.com\/\",\"name\":\"Forwardis\",\"description\":\"\",\"publisher\":{\"@id\":\"https:\/\/www.forwardis.com\/#organization\"},\"potentialAction\":[{\"@type\":\"SearchAction\",\"target\":{\"@type\":\"EntryPoint\",\"urlTemplate\":\"https:\/\/www.forwardis.com\/?s={search_term_string}\"},\"query-input\":{\"@type\":\"PropertyValueSpecification\",\"valueRequired\":true,\"valueName\":\"search_term_string\"}}],\"inLanguage\":\"de\"},{\"@type\":\"Organization\",\"@id\":\"https:\/\/www.forwardis.com\/#organization\",\"name\":\"Forwardis\",\"url\":\"https:\/\/www.forwardis.com\/\",\"logo\":{\"@type\":\"ImageObject\",\"inLanguage\":\"de\",\"@id\":\"https:\/\/www.forwardis.com\/#\/schema\/logo\/image\/\",\"url\":\"https:\/\/www.forwardis.com\/wp-content\/uploads\/2025\/03\/logo-Forwardi-couleur.svg\",\"contentUrl\":\"https:\/\/www.forwardis.com\/wp-content\/uploads\/2025\/03\/logo-Forwardi-couleur.svg\",\"width\":286,\"height\":66,\"caption\":\"Forwardis\"},\"image\":{\"@id\":\"https:\/\/www.forwardis.com\/#\/schema\/logo\/image\/\"},\"sameAs\":[\"https:\/\/x.com\/Forwardisgroup\",\"https:\/\/www.linkedin.com\/company\/forwardis-group\/\",\"https:\/\/www.youtube.com\/@forwardis1948\"]}]}<\/script>\n<!-- \/ Yoast SEO plugin. -->","yoast_head_json":{"title":"INTERNATIONALE SPEDITION MIT DEM SCHWERPUNKT: EISENBAHN- UND MULTIMODALER TRANSPORT - Forwardis","description":"Erleben Sie effizienten Schienen- und multimodalen G\u00fctertransport mit unseren innovativen Transportl\u00f6sungen in ganz Europa und dar\u00fcber hinaus.","robots":{"index":"index","follow":"follow","max-snippet":"max-snippet:-1","max-image-preview":"max-image-preview:large","max-video-preview":"max-video-preview:-1"},"canonical":"https:\/\/www.forwardis.com\/de\/","og_locale":"de_DE","og_type":"article","og_title":"INTERNATIONALE SPEDITION MIT DEM SCHWERPUNKT: EISENBAHN- UND MULTIMODALER TRANSPORT - Forwardis","og_description":"Erleben Sie effizienten Schienen- und multimodalen G\u00fctertransport mit unseren innovativen Transportl\u00f6sungen in ganz Europa und dar\u00fcber hinaus.","og_url":"https:\/\/www.forwardis.com\/de\/","og_site_name":"Forwardis","article_modified_time":"2025-03-20T13:11:51+00:00","twitter_card":"summary_large_image","twitter_site":"@Forwardisgroup","schema":{"@context":"https:\/\/schema.org","@graph":[{"@type":"WebPage","@id":"https:\/\/www.forwardis.com\/de\/","url":"https:\/\/www.forwardis.com\/de\/","name":"INTERNATIONALE SPEDITION MIT DEM SCHWERPUNKT: EISENBAHN- UND MULTIMODALER TRANSPORT - Forwardis","isPartOf":{"@id":"https:\/\/www.forwardis.com\/#website"},"datePublished":"2022-08-13T06:10:54+00:00","dateModified":"2025-03-20T13:11:51+00:00","description":"Erleben Sie effizienten Schienen- und multimodalen G\u00fctertransport mit unseren innovativen Transportl\u00f6sungen in ganz Europa und dar\u00fcber hinaus.","breadcrumb":{"@id":"https:\/\/www.forwardis.com\/de\/#breadcrumb"},"inLanguage":"de","potentialAction":[{"@type":"ReadAction","target":["https:\/\/www.forwardis.com\/de\/"]}]},{"@type":"BreadcrumbList","@id":"https:\/\/www.forwardis.com\/de\/#breadcrumb","itemListElement":[{"@type":"ListItem","position":1,"name":"Home","item":"https:\/\/www.forwardis.com\/de\/"},{"@type":"ListItem","position":2,"name":"INTERNATIONALE SPEDITION MIT DEM SCHWERPUNKT: EISENBAHN- UND MULTIMODALER TRANSPORT"}]},{"@type":"WebSite","@id":"https:\/\/www.forwardis.com\/#website","url":"https:\/\/www.forwardis.com\/","name":"Forwardis","description":"","publisher":{"@id":"https:\/\/www.forwardis.com\/#organization"},"potentialAction":[{"@type":"SearchAction","target":{"@type":"EntryPoint","urlTemplate":"https:\/\/www.forwardis.com\/?s={search_term_string}"},"query-input":{"@type":"PropertyValueSpecification","valueRequired":true,"valueName":"search_term_string"}}],"inLanguage":"de"},{"@type":"Organization","@id":"https:\/\/www.forwardis.com\/#organization","name":"Forwardis","url":"https:\/\/www.forwardis.com\/","logo":{"@type":"ImageObject","inLanguage":"de","@id":"https:\/\/www.forwardis.com\/#\/schema\/logo\/image\/","url":"https:\/\/www.forwardis.com\/wp-content\/uploads\/2025\/03\/logo-Forwardi-couleur.svg","contentUrl":"https:\/\/www.forwardis.com\/wp-content\/uploads\/2025\/03\/logo-Forwardi-couleur.svg","width":286,"height":66,"caption":"Forwardis"},"image":{"@id":"https:\/\/www.forwardis.com\/#\/schema\/logo\/image\/"},"sameAs":["https:\/\/x.com\/Forwardisgroup","https:\/\/www.linkedin.com\/company\/forwardis-group\/","https:\/\/www.youtube.com\/@forwardis1948"]}]}},"_links":{"self":[{"href":"https:\/\/www.forwardis.com\/de\/wp-json\/wp\/v2\/pages\/3497","targetHints":{"allow":["GET"]}}],"collection":[{"href":"https:\/\/www.forwardis.com\/de\/wp-json\/wp\/v2\/pages"}],"about":[{"href":"https:\/\/www.forwardis.com\/de\/wp-json\/wp\/v2\/types\/page"}],"author":[{"embeddable":true,"href":"https:\/\/www.forwardis.com\/de\/wp-json\/wp\/v2\/users\/1"}],"replies":[{"embeddable":true,"href":"https:\/\/www.forwardis.com\/de\/wp-json\/wp\/v2\/comments?post=3497"}],"version-history":[{"count":31,"href":"https:\/\/www.forwardis.com\/de\/wp-json\/wp\/v2\/pages\/3497\/revisions"}],"predecessor-version":[{"id":8162,"href":"https:\/\/www.forwardis.com\/de\/wp-json\/wp\/v2\/pages\/3497\/revisions\/8162"}],"wp:attachment":[{"href":"https:\/\/www.forwardis.com\/de\/wp-json\/wp\/v2\/media?parent=3497"}],"curies":[{"name":"wp","href":"https:\/\/api.w.org\/{rel}","templated":true}]}}