{"id":5377,"date":"2022-09-05T11:24:47","date_gmt":"2022-09-05T10:24:47","guid":{"rendered":"https:\/\/www.forwardis.com\/legal-notice\/"},"modified":"2023-07-20T10:43:42","modified_gmt":"2023-07-20T09:43:42","slug":"impressum","status":"publish","type":"page","link":"https:\/\/www.forwardis.com\/de\/impressum\/","title":{"rendered":"Impressum"},"content":{"rendered":"<h4><b>Impressum (Angaben gem\u00e4\u00df \u00a7 5 TMG)<\/b><\/h4>\n<p><span style=\"font-weight: 400;\">Verantwortlich f\u00fcr den Inhalt dieser Website i.S.v. \u00a7 5 TMG sind die nachfolgenden Unternehmen der Forwardis Gruppe: <\/span><\/p>\n<h2>Ihr Kontakt f\u00fcr Deutschland<\/h2>\n<p>Forwardis GmbH<br \/>\nCharlottenstra\u00dfe 16<br \/>\n10117 Berlin<\/p>\n<p><strong>Vertreten durch die Gesch\u00e4ftsf\u00fchrung:<\/strong><br \/>\nAleksandra R\u00f6hricht<br \/>\nPhilippe Golder<br \/>\nHandelsregister: HRB 81022B<br \/>\nRegistergericht: Amtsgericht Charlottenburg (Berlin)<\/p>\n<p><strong>Kontakt<\/strong><br \/>\nTelefon: +49 (0)30 549 793 30<br \/>\nE-Mail: info@forwardis.de<br \/>\nUmsatzsteuer-ID: DE: DE 813253597<br \/>\nUmsatzsteuer-Identifikationsnummer gem\u00e4\u00df \u00a7 27 a Umsatzsteuergesetz<\/p>\n<h2><b>Ihr Kontakt f\u00fcr Frankreich<\/b><\/h2>\n<p><span style=\"font-weight: 400;\">Forwardis SAS<\/span><span style=\"font-weight: 400;\">\u00a0<\/span><\/p>\n<p><span style=\"font-weight: 400;\">102-116 rue Victor Hugo\u00a0<\/span><\/p>\n<p><span style=\"font-weight: 400;\">92300 Levallois-Perret<\/span><\/p>\n<p><b>Vertreten durch den Pr\u00e4sidenten:<\/b><span style=\"font-weight: 400;\"> S\u00e9bastian Vacher<\/span><span style=\"font-weight: 400;\"><br \/>\n<\/span><\/p>\n<p><span style=\"font-weight: 400;\">Handelsregister von Nanterre, <\/span><span style=\"font-weight: 400;\"><br \/>\n<\/span><span style=\"font-weight: 400;\">Handelsregister-Nr. 414801555<\/span><\/p>\n<p><b>Kontakt<\/b><\/p>\n<p><span style=\"font-weight: 400;\">Telefon: +33 (0)1 85 64 18 00<\/span><span style=\"font-weight: 400;\"><br \/>\n<\/span><span style=\"font-weight: 400;\">E-Mail: <\/span><a href=\"mailto:contact@forwardis.com\"><span style=\"font-weight: 400;\">contact@forwardis.com<\/span><\/a><span style=\"font-weight: 400;\">\u00a0<\/span><\/p>\n<p><b>Umsatzsteuer-ID:<\/b><span style=\"font-weight: 400;\"> FR 19414801555<\/span><\/p>\n<p><b>Design, layout and development<\/b><span style=\"font-weight: 400;\">: Verywell Digital, 35 All\u00e9es des Demoiselles, 31400 Toulouse, France<\/span><span style=\"font-weight: 400;\"><br \/>\n<\/span><span style=\"font-weight: 400;\">Tel +33 5 82 95 00 24<\/span><span style=\"font-weight: 400;\"><br \/>\n<\/span><span style=\"font-weight: 400;\">E-mail contact@verywell.digital<\/span><\/p>\n<p><b>Copywriting<\/b><span style=\"font-weight: 400;\">: Forwardis, 102-116 rue Victor Hugo, 92300 Levallois-Perret, France &amp; Forwardis GmbH, Charlottenstra\u00dfe 16, 10117 Berlin, Germany<\/span><\/p>\n<p><b>Hosting<\/b><span style=\"font-weight: 400;\">:\u00a0jweiland.net \u2013 Jochen Weiland,\u00a0Echterdinger Str. 57 Geb\u00e4ude 9,\u00a070794 Filderstadt bei Stuttgart<\/span><span style=\"font-weight: 400;\"><br \/>\n<\/span><span style=\"font-weight: 400;\">Tel\u00a0\u00a0<\/span><a href=\"tel:+497119496960\"><span style=\"font-weight: 400;\">+49 711 949 69 60<\/span><span style=\"font-weight: 400;\"><br \/>\n<\/span><\/a><span style=\"font-weight: 400;\">Fax +49 711 949 69 89<\/span><span style=\"font-weight: 400;\"><br \/>\n<\/span><span style=\"font-weight: 400;\">E-Mail\u00a0<\/span><a href=\"about:blank\"><span style=\"font-weight: 400;\">support(at)jweiland.net<\/span><\/a><\/p>\n<h2>Information gem\u00e4\u00df \u00a7 36 Verbraucherstreitbeilegungsgesetz:<\/h2>\n<p>Die Unternehmen der Forwardis Gruppe sind gesetzlich verpflichtet, Sie auf die Europ\u00e4ische Online-Streitbeilegungs-Plattform (OS-Plattform) der Europ\u00e4ischen Kommission hinzuweisen, die Sie unter <a href=\"http:\/\/ec.europa.eu\/odr\">http:\/\/ec.europa.eu\/odr<\/a> erreichen k\u00f6nnen. Forwardis nimmt jedoch nicht an einem Streitbeilegungsverfahren vor einer Verbraucherschlichtungsstelle teil und wir sind dazu auch nicht verpflichtet.<\/p>\n<h2>Haftung f\u00fcr Inhalte<\/h2>\n<p>Als Diensteanbieter sind wir gem\u00e4\u00df \u00a7 7 Abs.1 TMG f\u00fcr eigene Inhalte auf diesen Seiten nach den allgemeinen Gesetzen verantwortlich. Nach \u00a7\u00a7 8 bis 10 TMG sind wir als Diensteanbieter jedoch nicht verpflichtet, \u00fcbermittelte oder gespeicherte fremde Informationen zu \u00fcberwachen oder nach Umst\u00e4nden zu forschen, die auf eine rechtswidrige T\u00e4tigkeit hinweisen.<\/p>\n<p>Verpflichtungen zur Entfernung oder Sperrung der Nutzung von Informationen nach den allgemeinen Gesetzen bleiben hiervon unber\u00fchrt. Eine diesbez\u00fcgliche Haftung ist jedoch erst ab dem Zeitpunkt der Kenntnis einer konkreten Rechtsverletzung m\u00f6glich. Bei Bekanntwerden von entsprechenden Rechtsverletzungen werden wir diese Inhalte umgehend entfernen.<\/p>\n<h2>Haftung f\u00fcr Links<\/h2>\n<p>Das Angebot der Forwardis Gruppe kann Links zu externen Websites Dritter enthalten, auf deren Inhalte wir keinen Einfluss haben. Deshalb k\u00f6nnen wir f\u00fcr diese fremden Inhalte auch keine Gew\u00e4hr \u00fcbernehmen. F\u00fcr die Inhalte der verlinkten Seiten ist stets der jeweilige Anbieter oder Betreiber der Seiten verantwortlich. Die verlinkten Seiten wurden zum Zeitpunkt der Verlinkung auf m\u00f6gliche Rechtsverst\u00f6\u00dfe \u00fcberpr\u00fcft. Rechtswidrige Inhalte waren zum Zeitpunkt der Verlinkung nicht erkennbar.<\/p>\n<p>Eine permanente inhaltliche Kontrolle der verlinkten Seiten ist jedoch ohne konkrete Anhaltspunkte einer Rechtsverletzung nicht zumutbar. Bei Bekanntwerden von Rechtsverletzungen werden wir derartige Links umgehend entfernen.<\/p>\n<h2><b>Geistiges Eigentum<\/b><\/h2>\n<p>FORWARDIS Group ist der Eigent\u00fcmer der Rechte am geistigen Eigentum oder besitzt die Nutzungsrechte an allen Elementen, die von der Website aus zug\u00e4nglich sind, insbesondere an Texten, Bildern, Graphiken, Symbolen, T\u00f6nen, Programmen.<\/p>\n<p>Urheberrechte an den Fotos und Abbildungen auf der Website: SNCF M\u00e9diath\u00e8que, Getty images, Fotolia, private Archiven.<br \/>\nFORWARDIS ist eine durch Rail4Logistics ordnungsgem\u00e4\u00df eingetragene Marke.<\/p>\n<h2>Urheberrecht<\/h2>\n<p>Die durch die Seitenbetreiber erstellten Inhalte und Werke auf diesen Seiten unterliegen dem deutschen Urheberrecht. Die Vervielf\u00e4ltigung, Bearbeitung, Verbreitung und jede Art der Verwertung au\u00dferhalb der Grenzen des Urheberrechtes bed\u00fcrfen der schriftlichen Zustimmung des jeweiligen Autors bzw. Erstellers. Downloads und Kopien dieser Seite sind nur f\u00fcr den privaten, nicht kommerziellen Gebrauch gestattet.<\/p>\n<p>Soweit die Inhalte auf dieser Seite nicht vom Betreiber erstellt wurden, werden die Urheberrechte Dritter beachtet. Insbesondere werden Inhalte Dritter als solche gekennzeichnet. Sollten Sie trotzdem auf eine Urheberrechtsverletzung aufmerksam werden, bitten wir um einen entsprechenden Hinweis. Bei Bekanntwerden von Rechtsverletzungen werden wir derartige Inhalte umgehend entfernen.<\/p>\n<h2>Cookies<\/h2>\n<p>Die Navigation auf der Website forwardis.com kann die Installation von Cookies auf dem Computer des Nutzers zur Folge haben. Ein Cookie ist eine Datei von geringer Gr\u00f6\u00dfe, die zwar nicht die Identifizierung des Nutzers erm\u00f6glicht, auf der jedoch Informationen \u00fcber die Navigation eines Computers auf einer Website gespeichert werden k\u00f6nnen. Die dadurch gewonnenen Daten sollen dazu beitragen, sp\u00e4tere Besuche auf der Website zu erleichtern und verschiedene Messungen der Besuchsh\u00e4ufigkeit vorzunehmen.<\/p>\n<p>Diese Website benutzt Google Analytics, einen Webanalysedienst der Google Inc. (&#8222;Google&#8220;). Google Analytics verwendet sog. &#8222;Cookies&#8220;, Textdateien, die auf Ihrem Computer gespeichert werden und die eine Analyse der Benutzung der Website durch Sie erm\u00f6glichen.<\/p>\n<p>Die durch das Cookie erzeugten Informationen \u00fcber Ihre Benutzung dieser Website werden in der Regel an einen Server von Google in den USA \u00fcbertragen und dort gespeichert. Im Falle der Aktivierung der IP-Anonymisierung auf dieser Webseite wird Ihre IP-Adresse von Google jedoch innerhalb von Mitgliedstaaten der Europ\u00e4ischen Union oder in anderen Vertragsstaaten des Abkommens \u00fcber den Europ\u00e4ischen Wirtschaftsraum zuvor gek\u00fcrzt.<br \/>\nNur in Ausnahmef\u00e4llen wird die volle IP-Adresse an einen Server von Google in den USA \u00fcbertragen und dort gek\u00fcrzt.<\/p>\n<p>Im Auftrag des Betreibers dieser Website wird Google diese Informationen benutzen, um Ihre Nutzung der Website auszuwerten, um Reports \u00fcber die Websiteaktivit\u00e4ten zusammenzustellen und um weitere mit der Websitenutzung und der Internetnutzung verbundene Dienstleistungen gegen\u00fcber dem Websitebetreiber zu erbringen.<\/p>\n<p>Die im Rahmen von Google Analytics von Ihrem Browser \u00fcbermittelte IP-Adresse wird nicht mit anderen Daten von Google zusammengef\u00fchrt. Sie k\u00f6nnen die Speicherung der Cookies durch eine entsprechende Einstellung Ihrer Browser-Software verhindern:<\/p>\n<ul>\n<li>In Internet Explorer: Tool tab \/ Internet Options. Click the Privacy tab and select &#8222;Block All Cookies&#8220;. Click OK.<\/li>\n<li>In Firefox: Preferences window, Privacy tab: In History, choose &#8222;Use custom settings for history: Never remember history&#8220;<\/li>\n<li>In Safari: Preferences window, Privacy tab. Check the box \u201cCookies and website data\u201d option: \u201cAlways block\u201d.<\/li>\n<\/ul>\n<p>Sie k\u00f6nnen dar\u00fcber hinaus die Erfassung der durch das Cookie erzeugten und auf Ihre Nutzung der Website bezogenen Daten (inkl. Ihrer IP-Adresse) an Google sowie die Verarbeitung dieser Daten durch Google verhindern, indem sie das unter dem folgenden Link verf\u00fcgbare Browser-Plugin herunterladen und installieren: <a href=\"https:\/\/tools.google.com\/dlpage\/gaoptout?hl=de\">https:\/\/tools.google.com\/dlpage\/gaoptout?hl=de.<\/a><\/p>\n","protected":false},"excerpt":{"rendered":"<p>Impressum (Angaben gem\u00e4\u00df \u00a7 5 TMG) Verantwortlich f\u00fcr den Inhalt dieser Website i.S.v. \u00a7 5 TMG sind die nachfolgenden Unternehmen der Forwardis Gruppe: Ihr Kontakt f\u00fcr Deutschland Forwardis GmbH Charlottenstra\u00dfe 16 10117 Berlin Vertreten durch die Gesch\u00e4ftsf\u00fchrung: Aleksandra R\u00f6hricht Philippe Golder Handelsregister: HRB 81022B Registergericht: Amtsgericht Charlottenburg (Berlin) Kontakt Telefon: +49 (0)30 549 793 30 [&hellip;]<\/p>\n","protected":false},"author":1,"featured_media":0,"parent":0,"menu_order":0,"comment_status":"closed","ping_status":"closed","template":"templates\/privacy_policy.php","meta":{"_acf_changed":false,"inline_featured_image":false,"footnotes":""},"class_list":["post-5377","page","type-page","status-publish","hentry"],"acf":[],"yoast_head":"<!-- This site is optimized with the Yoast SEO plugin v26.9 - https:\/\/yoast.com\/product\/yoast-seo-wordpress\/ -->\n<title>Impressum - Forwardis<\/title>\n<meta name=\"description\" content=\"Discover the legal information about Forwardis on this page.\" \/>\n<meta name=\"robots\" content=\"index, follow, max-snippet:-1, max-image-preview:large, max-video-preview:-1\" \/>\n<link rel=\"canonical\" href=\"https:\/\/www.forwardis.com\/de\/impressum\/\" \/>\n<meta property=\"og:locale\" content=\"de_DE\" \/>\n<meta property=\"og:type\" content=\"article\" \/>\n<meta property=\"og:title\" content=\"Impressum - Forwardis\" \/>\n<meta property=\"og:description\" content=\"Discover the legal information about Forwardis on this page.\" \/>\n<meta property=\"og:url\" content=\"https:\/\/www.forwardis.com\/de\/impressum\/\" \/>\n<meta property=\"og:site_name\" content=\"Forwardis\" \/>\n<meta property=\"article:modified_time\" content=\"2023-07-20T09:43:42+00:00\" \/>\n<meta name=\"twitter:card\" content=\"summary_large_image\" \/>\n<meta name=\"twitter:site\" content=\"@Forwardisgroup\" \/>\n<meta name=\"twitter:label1\" content=\"Gesch\u00e4tzte Lesezeit\" \/>\n\t<meta name=\"twitter:data1\" content=\"5\u00a0Minuten\" \/>\n<script type=\"application\/ld+json\" class=\"yoast-schema-graph\">{\"@context\":\"https:\/\/schema.org\",\"@graph\":[{\"@type\":\"WebPage\",\"@id\":\"https:\/\/www.forwardis.com\/de\/impressum\/\",\"url\":\"https:\/\/www.forwardis.com\/de\/impressum\/\",\"name\":\"Impressum - Forwardis\",\"isPartOf\":{\"@id\":\"https:\/\/www.forwardis.com\/#website\"},\"datePublished\":\"2022-09-05T10:24:47+00:00\",\"dateModified\":\"2023-07-20T09:43:42+00:00\",\"description\":\"Discover the legal information about Forwardis on this page.\",\"breadcrumb\":{\"@id\":\"https:\/\/www.forwardis.com\/de\/impressum\/#breadcrumb\"},\"inLanguage\":\"de\",\"potentialAction\":[{\"@type\":\"ReadAction\",\"target\":[\"https:\/\/www.forwardis.com\/de\/impressum\/\"]}]},{\"@type\":\"BreadcrumbList\",\"@id\":\"https:\/\/www.forwardis.com\/de\/impressum\/#breadcrumb\",\"itemListElement\":[{\"@type\":\"ListItem\",\"position\":1,\"name\":\"Home\",\"item\":\"https:\/\/www.forwardis.com\/de\/\"},{\"@type\":\"ListItem\",\"position\":2,\"name\":\"Impressum\"}]},{\"@type\":\"WebSite\",\"@id\":\"https:\/\/www.forwardis.com\/#website\",\"url\":\"https:\/\/www.forwardis.com\/\",\"name\":\"Forwardis\",\"description\":\"\",\"publisher\":{\"@id\":\"https:\/\/www.forwardis.com\/#organization\"},\"potentialAction\":[{\"@type\":\"SearchAction\",\"target\":{\"@type\":\"EntryPoint\",\"urlTemplate\":\"https:\/\/www.forwardis.com\/?s={search_term_string}\"},\"query-input\":{\"@type\":\"PropertyValueSpecification\",\"valueRequired\":true,\"valueName\":\"search_term_string\"}}],\"inLanguage\":\"de\"},{\"@type\":\"Organization\",\"@id\":\"https:\/\/www.forwardis.com\/#organization\",\"name\":\"Forwardis\",\"url\":\"https:\/\/www.forwardis.com\/\",\"logo\":{\"@type\":\"ImageObject\",\"inLanguage\":\"de\",\"@id\":\"https:\/\/www.forwardis.com\/#\/schema\/logo\/image\/\",\"url\":\"https:\/\/www.forwardis.com\/wp-content\/uploads\/2025\/03\/logo-Forwardi-couleur.svg\",\"contentUrl\":\"https:\/\/www.forwardis.com\/wp-content\/uploads\/2025\/03\/logo-Forwardi-couleur.svg\",\"width\":286,\"height\":66,\"caption\":\"Forwardis\"},\"image\":{\"@id\":\"https:\/\/www.forwardis.com\/#\/schema\/logo\/image\/\"},\"sameAs\":[\"https:\/\/x.com\/Forwardisgroup\",\"https:\/\/www.linkedin.com\/company\/forwardis-group\/\",\"https:\/\/www.youtube.com\/@forwardis1948\"]}]}<\/script>\n<!-- \/ Yoast SEO plugin. -->","yoast_head_json":{"title":"Impressum - Forwardis","description":"Discover the legal information about Forwardis on this page.","robots":{"index":"index","follow":"follow","max-snippet":"max-snippet:-1","max-image-preview":"max-image-preview:large","max-video-preview":"max-video-preview:-1"},"canonical":"https:\/\/www.forwardis.com\/de\/impressum\/","og_locale":"de_DE","og_type":"article","og_title":"Impressum - Forwardis","og_description":"Discover the legal information about Forwardis on this page.","og_url":"https:\/\/www.forwardis.com\/de\/impressum\/","og_site_name":"Forwardis","article_modified_time":"2023-07-20T09:43:42+00:00","twitter_card":"summary_large_image","twitter_site":"@Forwardisgroup","twitter_misc":{"Gesch\u00e4tzte Lesezeit":"5\u00a0Minuten"},"schema":{"@context":"https:\/\/schema.org","@graph":[{"@type":"WebPage","@id":"https:\/\/www.forwardis.com\/de\/impressum\/","url":"https:\/\/www.forwardis.com\/de\/impressum\/","name":"Impressum - Forwardis","isPartOf":{"@id":"https:\/\/www.forwardis.com\/#website"},"datePublished":"2022-09-05T10:24:47+00:00","dateModified":"2023-07-20T09:43:42+00:00","description":"Discover the legal information about Forwardis on this page.","breadcrumb":{"@id":"https:\/\/www.forwardis.com\/de\/impressum\/#breadcrumb"},"inLanguage":"de","potentialAction":[{"@type":"ReadAction","target":["https:\/\/www.forwardis.com\/de\/impressum\/"]}]},{"@type":"BreadcrumbList","@id":"https:\/\/www.forwardis.com\/de\/impressum\/#breadcrumb","itemListElement":[{"@type":"ListItem","position":1,"name":"Home","item":"https:\/\/www.forwardis.com\/de\/"},{"@type":"ListItem","position":2,"name":"Impressum"}]},{"@type":"WebSite","@id":"https:\/\/www.forwardis.com\/#website","url":"https:\/\/www.forwardis.com\/","name":"Forwardis","description":"","publisher":{"@id":"https:\/\/www.forwardis.com\/#organization"},"potentialAction":[{"@type":"SearchAction","target":{"@type":"EntryPoint","urlTemplate":"https:\/\/www.forwardis.com\/?s={search_term_string}"},"query-input":{"@type":"PropertyValueSpecification","valueRequired":true,"valueName":"search_term_string"}}],"inLanguage":"de"},{"@type":"Organization","@id":"https:\/\/www.forwardis.com\/#organization","name":"Forwardis","url":"https:\/\/www.forwardis.com\/","logo":{"@type":"ImageObject","inLanguage":"de","@id":"https:\/\/www.forwardis.com\/#\/schema\/logo\/image\/","url":"https:\/\/www.forwardis.com\/wp-content\/uploads\/2025\/03\/logo-Forwardi-couleur.svg","contentUrl":"https:\/\/www.forwardis.com\/wp-content\/uploads\/2025\/03\/logo-Forwardi-couleur.svg","width":286,"height":66,"caption":"Forwardis"},"image":{"@id":"https:\/\/www.forwardis.com\/#\/schema\/logo\/image\/"},"sameAs":["https:\/\/x.com\/Forwardisgroup","https:\/\/www.linkedin.com\/company\/forwardis-group\/","https:\/\/www.youtube.com\/@forwardis1948"]}]}},"_links":{"self":[{"href":"https:\/\/www.forwardis.com\/de\/wp-json\/wp\/v2\/pages\/5377","targetHints":{"allow":["GET"]}}],"collection":[{"href":"https:\/\/www.forwardis.com\/de\/wp-json\/wp\/v2\/pages"}],"about":[{"href":"https:\/\/www.forwardis.com\/de\/wp-json\/wp\/v2\/types\/page"}],"author":[{"embeddable":true,"href":"https:\/\/www.forwardis.com\/de\/wp-json\/wp\/v2\/users\/1"}],"replies":[{"embeddable":true,"href":"https:\/\/www.forwardis.com\/de\/wp-json\/wp\/v2\/comments?post=5377"}],"version-history":[{"count":5,"href":"https:\/\/www.forwardis.com\/de\/wp-json\/wp\/v2\/pages\/5377\/revisions"}],"predecessor-version":[{"id":7535,"href":"https:\/\/www.forwardis.com\/de\/wp-json\/wp\/v2\/pages\/5377\/revisions\/7535"}],"wp:attachment":[{"href":"https:\/\/www.forwardis.com\/de\/wp-json\/wp\/v2\/media?parent=5377"}],"curies":[{"name":"wp","href":"https:\/\/api.w.org\/{rel}","templated":true}]}}