{"id":5464,"date":"2022-08-18T07:46:06","date_gmt":"2022-08-18T06:46:06","guid":{"rendered":"https:\/\/www.forwardis.com\/our-corporate-values-ethics\/"},"modified":"2022-09-08T08:18:49","modified_gmt":"2022-09-08T07:18:49","slug":"our-corporate-values-ethics","status":"publish","type":"page","link":"https:\/\/www.forwardis.com\/de\/our-corporate-values-ethics\/","title":{"rendered":"Unsere Unternehmenswerte &#038; Ethik"},"content":{"rendered":"<div id=\"pl-5464\"  class=\"panel-layout\" ><div id=\"pg-5464-0\"  class=\"panel-grid panel-has-style\" ><div class=\"industries-expertise-section industries-expertise-section-type-2 panel-row-style panel-row-style-for-5464-0\" ><div id=\"pgc-5464-0-0\"  class=\"panel-grid-cell\" ><div class=\"industries-expertise-section-inner  panel-cell-style panel-cell-style-for-5464-0-0\" ><div id=\"panel-5464-0-0-0\" class=\"so-panel widget widget_siteorigin-panels-builder panel-first-child panel-last-child\" data-index=\"0\" ><div class=\"container panel-widget-style panel-widget-style-for-5464-0-0-0\" ><div id=\"pl-w63199617eb63f\"  class=\"panel-layout\" ><div id=\"pg-w63199617eb63f-0\"  class=\"panel-grid panel-no-style\" ><div id=\"pgc-w63199617eb63f-0-0\"  class=\"panel-grid-cell\" ><div id=\"panel-w63199617eb63f-0-0-0\" class=\"so-panel widget widget_sow-editor panel-first-child panel-last-child\" data-index=\"0\" ><div class=\"top-section panel-widget-style panel-widget-style-for-w63199617eb63f-0-0-0\" ><div\n\t\t\t\n\t\t\tclass=\"so-widget-sow-editor so-widget-sow-editor-base\"\n\t\t\t\n\t\t><h3 class=\"widget-title\">Karriere<\/h3>\n<div class=\"siteorigin-widget-tinymce textwidget\">\n\t<h2>Unsere Verpflichtungen<\/h2>\n<p>Im Kontext der Informationsarchitektur sind Informationen sowohl von Wissen als auch von Daten getrennt und liegen verschwommen zwischen ihnen.<\/p>\n<\/div>\n<\/div><\/div><\/div><\/div><\/div><div id=\"pg-w63199617eb63f-1\"  class=\"panel-grid panel-has-style\" ><div class=\"video-section panel-row-style panel-row-style-for-w63199617eb63f-1\" ><div id=\"pgc-w63199617eb63f-1-0\"  class=\"panel-grid-cell\" ><div id=\"panel-w63199617eb63f-1-0-0\" class=\"so-panel widget widget_sow-video panel-first-child panel-last-child\" data-index=\"1\" ><div\n\t\t\t\n\t\t\tclass=\"so-widget-sow-video so-widget-sow-video-default-f379b959fc93\"\n\t\t\t\n\t\t>\n<div class=\"sow-video-wrapper\n\">\n\t\t\t<video\n\t\t\tid=\"sow-player-1\" class=\"sow-video-widget\" preload=\"auto\" style=\"width:100%;height:100%;\" controls \t\t>\n\t\t\t\t\t\t\t<source type=\"\" src=\"https:\/\/youtu.be\/D0UnqGm_miA\"\/>\n\t\t\t\t\t<\/video>\n\t<\/div>\n<\/div><\/div><\/div><\/div><\/div><div id=\"pg-w63199617eb63f-2\"  class=\"panel-grid panel-has-style\" ><div class=\"bottom-section panel-row-style panel-row-style-for-w63199617eb63f-2\" ><div id=\"pgc-w63199617eb63f-2-0\"  class=\"panel-grid-cell\" ><div class=\"botttom-section-inner panel-cell-style panel-cell-style-for-w63199617eb63f-2-0\" ><div id=\"panel-w63199617eb63f-2-0-0\" class=\"so-panel widget widget_sow-editor panel-first-child\" data-index=\"2\" ><div\n\t\t\t\n\t\t\tclass=\"so-widget-sow-editor so-widget-sow-editor-base\"\n\t\t\t\n\t\t>\n<div class=\"siteorigin-widget-tinymce textwidget\">\n\t<h2>LOREM IPSUM<\/h2>\n<h4> EINIGE NEC<br \/>\nF\u00dcRCHTE IMMER NEC.<\/h4>\n<\/div>\n<\/div><\/div><div id=\"panel-w63199617eb63f-2-0-1\" class=\"so-panel widget widget_sow-editor\" data-index=\"3\" ><div\n\t\t\t\n\t\t\tclass=\"so-widget-sow-editor so-widget-sow-editor-base\"\n\t\t\t\n\t\t>\n<div class=\"siteorigin-widget-tinymce textwidget\">\n\t<h2>LOREM IPSUM<\/h2>\n<h4> EINIGE NEC<br \/>\nF\u00dcRCHTE IMMER NEC.<\/h4>\n<\/div>\n<\/div><\/div><div id=\"panel-w63199617eb63f-2-0-2\" class=\"so-panel widget widget_sow-editor panel-last-child\" data-index=\"4\" ><div\n\t\t\t\n\t\t\tclass=\"so-widget-sow-editor so-widget-sow-editor-base\"\n\t\t\t\n\t\t>\n<div class=\"siteorigin-widget-tinymce textwidget\">\n\t<h2>LOREM IPSUM<\/h2>\n<h4> EINIGE NEC<br \/>\nF\u00dcRCHTE IMMER NEC.<\/h4>\n<\/div>\n<\/div><\/div><\/div><\/div><\/div><\/div><\/div><\/div><\/div><\/div><\/div><\/div><\/div><\/div>","protected":false},"excerpt":{"rendered":"<p>Karriere Unsere Verpflichtungen Im Kontext der Informationsarchitektur sind Informationen sowohl von Wissen als auch von Daten getrennt und liegen verschwommen zwischen ihnen. LOREM IPSUM EINIGE NEC F\u00dcRCHTE IMMER NEC. LOREM IPSUM EINIGE NEC F\u00dcRCHTE IMMER NEC. LOREM IPSUM EINIGE NEC F\u00dcRCHTE IMMER NEC.<\/p>\n","protected":false},"author":1,"featured_media":0,"parent":0,"menu_order":0,"comment_status":"closed","ping_status":"closed","template":"templates\/our_corporate.php","meta":{"_acf_changed":false,"inline_featured_image":false,"footnotes":""},"class_list":["post-5464","page","type-page","status-publish","hentry"],"acf":[],"yoast_head":"<!-- This site is optimized with the Yoast SEO plugin v26.9 - https:\/\/yoast.com\/product\/yoast-seo-wordpress\/ -->\n<title>Unsere Unternehmenswerte &amp; Ethik - Forwardis<\/title>\n<meta name=\"robots\" content=\"index, follow, max-snippet:-1, max-image-preview:large, max-video-preview:-1\" \/>\n<link rel=\"canonical\" href=\"https:\/\/www.forwardis.com\/de\/our-corporate-values-ethics\/\" \/>\n<meta property=\"og:locale\" content=\"de_DE\" \/>\n<meta property=\"og:type\" content=\"article\" \/>\n<meta property=\"og:title\" content=\"Unsere Unternehmenswerte &amp; Ethik - Forwardis\" \/>\n<meta property=\"og:description\" content=\"Karriere Unsere Verpflichtungen Im Kontext der Informationsarchitektur sind Informationen sowohl von Wissen als auch von Daten getrennt und liegen verschwommen zwischen ihnen. LOREM IPSUM EINIGE NEC F\u00dcRCHTE IMMER NEC. LOREM IPSUM EINIGE NEC F\u00dcRCHTE IMMER NEC. LOREM IPSUM EINIGE NEC F\u00dcRCHTE IMMER NEC.\" \/>\n<meta property=\"og:url\" content=\"https:\/\/www.forwardis.com\/de\/our-corporate-values-ethics\/\" \/>\n<meta property=\"og:site_name\" content=\"Forwardis\" \/>\n<meta property=\"article:modified_time\" content=\"2022-09-08T07:18:49+00:00\" \/>\n<meta name=\"twitter:card\" content=\"summary_large_image\" \/>\n<meta name=\"twitter:site\" content=\"@Forwardisgroup\" \/>\n<meta name=\"twitter:label1\" content=\"Gesch\u00e4tzte Lesezeit\" \/>\n\t<meta name=\"twitter:data1\" content=\"1\u00a0Minute\" \/>\n<script type=\"application\/ld+json\" class=\"yoast-schema-graph\">{\"@context\":\"https:\/\/schema.org\",\"@graph\":[{\"@type\":\"WebPage\",\"@id\":\"https:\/\/www.forwardis.com\/de\/our-corporate-values-ethics\/\",\"url\":\"https:\/\/www.forwardis.com\/de\/our-corporate-values-ethics\/\",\"name\":\"Unsere Unternehmenswerte & Ethik - Forwardis\",\"isPartOf\":{\"@id\":\"https:\/\/www.forwardis.com\/#website\"},\"datePublished\":\"2022-08-18T06:46:06+00:00\",\"dateModified\":\"2022-09-08T07:18:49+00:00\",\"breadcrumb\":{\"@id\":\"https:\/\/www.forwardis.com\/de\/our-corporate-values-ethics\/#breadcrumb\"},\"inLanguage\":\"de\",\"potentialAction\":[{\"@type\":\"ReadAction\",\"target\":[\"https:\/\/www.forwardis.com\/de\/our-corporate-values-ethics\/\"]}]},{\"@type\":\"BreadcrumbList\",\"@id\":\"https:\/\/www.forwardis.com\/de\/our-corporate-values-ethics\/#breadcrumb\",\"itemListElement\":[{\"@type\":\"ListItem\",\"position\":1,\"name\":\"Home\",\"item\":\"https:\/\/www.forwardis.com\/de\/\"},{\"@type\":\"ListItem\",\"position\":2,\"name\":\"Unsere Unternehmenswerte &#038; Ethik\"}]},{\"@type\":\"WebSite\",\"@id\":\"https:\/\/www.forwardis.com\/#website\",\"url\":\"https:\/\/www.forwardis.com\/\",\"name\":\"Forwardis\",\"description\":\"\",\"publisher\":{\"@id\":\"https:\/\/www.forwardis.com\/#organization\"},\"potentialAction\":[{\"@type\":\"SearchAction\",\"target\":{\"@type\":\"EntryPoint\",\"urlTemplate\":\"https:\/\/www.forwardis.com\/?s={search_term_string}\"},\"query-input\":{\"@type\":\"PropertyValueSpecification\",\"valueRequired\":true,\"valueName\":\"search_term_string\"}}],\"inLanguage\":\"de\"},{\"@type\":\"Organization\",\"@id\":\"https:\/\/www.forwardis.com\/#organization\",\"name\":\"Forwardis\",\"url\":\"https:\/\/www.forwardis.com\/\",\"logo\":{\"@type\":\"ImageObject\",\"inLanguage\":\"de\",\"@id\":\"https:\/\/www.forwardis.com\/#\/schema\/logo\/image\/\",\"url\":\"https:\/\/www.forwardis.com\/wp-content\/uploads\/2025\/03\/logo-Forwardi-couleur.svg\",\"contentUrl\":\"https:\/\/www.forwardis.com\/wp-content\/uploads\/2025\/03\/logo-Forwardi-couleur.svg\",\"width\":286,\"height\":66,\"caption\":\"Forwardis\"},\"image\":{\"@id\":\"https:\/\/www.forwardis.com\/#\/schema\/logo\/image\/\"},\"sameAs\":[\"https:\/\/x.com\/Forwardisgroup\",\"https:\/\/www.linkedin.com\/company\/forwardis-group\/\",\"https:\/\/www.youtube.com\/@forwardis1948\"]}]}<\/script>\n<!-- \/ Yoast SEO plugin. -->","yoast_head_json":{"title":"Unsere Unternehmenswerte & Ethik - Forwardis","robots":{"index":"index","follow":"follow","max-snippet":"max-snippet:-1","max-image-preview":"max-image-preview:large","max-video-preview":"max-video-preview:-1"},"canonical":"https:\/\/www.forwardis.com\/de\/our-corporate-values-ethics\/","og_locale":"de_DE","og_type":"article","og_title":"Unsere Unternehmenswerte & Ethik - Forwardis","og_description":"Karriere Unsere Verpflichtungen Im Kontext der Informationsarchitektur sind Informationen sowohl von Wissen als auch von Daten getrennt und liegen verschwommen zwischen ihnen. LOREM IPSUM EINIGE NEC F\u00dcRCHTE IMMER NEC. LOREM IPSUM EINIGE NEC F\u00dcRCHTE IMMER NEC. LOREM IPSUM EINIGE NEC F\u00dcRCHTE IMMER NEC.","og_url":"https:\/\/www.forwardis.com\/de\/our-corporate-values-ethics\/","og_site_name":"Forwardis","article_modified_time":"2022-09-08T07:18:49+00:00","twitter_card":"summary_large_image","twitter_site":"@Forwardisgroup","twitter_misc":{"Gesch\u00e4tzte Lesezeit":"1\u00a0Minute"},"schema":{"@context":"https:\/\/schema.org","@graph":[{"@type":"WebPage","@id":"https:\/\/www.forwardis.com\/de\/our-corporate-values-ethics\/","url":"https:\/\/www.forwardis.com\/de\/our-corporate-values-ethics\/","name":"Unsere Unternehmenswerte & Ethik - Forwardis","isPartOf":{"@id":"https:\/\/www.forwardis.com\/#website"},"datePublished":"2022-08-18T06:46:06+00:00","dateModified":"2022-09-08T07:18:49+00:00","breadcrumb":{"@id":"https:\/\/www.forwardis.com\/de\/our-corporate-values-ethics\/#breadcrumb"},"inLanguage":"de","potentialAction":[{"@type":"ReadAction","target":["https:\/\/www.forwardis.com\/de\/our-corporate-values-ethics\/"]}]},{"@type":"BreadcrumbList","@id":"https:\/\/www.forwardis.com\/de\/our-corporate-values-ethics\/#breadcrumb","itemListElement":[{"@type":"ListItem","position":1,"name":"Home","item":"https:\/\/www.forwardis.com\/de\/"},{"@type":"ListItem","position":2,"name":"Unsere Unternehmenswerte &#038; Ethik"}]},{"@type":"WebSite","@id":"https:\/\/www.forwardis.com\/#website","url":"https:\/\/www.forwardis.com\/","name":"Forwardis","description":"","publisher":{"@id":"https:\/\/www.forwardis.com\/#organization"},"potentialAction":[{"@type":"SearchAction","target":{"@type":"EntryPoint","urlTemplate":"https:\/\/www.forwardis.com\/?s={search_term_string}"},"query-input":{"@type":"PropertyValueSpecification","valueRequired":true,"valueName":"search_term_string"}}],"inLanguage":"de"},{"@type":"Organization","@id":"https:\/\/www.forwardis.com\/#organization","name":"Forwardis","url":"https:\/\/www.forwardis.com\/","logo":{"@type":"ImageObject","inLanguage":"de","@id":"https:\/\/www.forwardis.com\/#\/schema\/logo\/image\/","url":"https:\/\/www.forwardis.com\/wp-content\/uploads\/2025\/03\/logo-Forwardi-couleur.svg","contentUrl":"https:\/\/www.forwardis.com\/wp-content\/uploads\/2025\/03\/logo-Forwardi-couleur.svg","width":286,"height":66,"caption":"Forwardis"},"image":{"@id":"https:\/\/www.forwardis.com\/#\/schema\/logo\/image\/"},"sameAs":["https:\/\/x.com\/Forwardisgroup","https:\/\/www.linkedin.com\/company\/forwardis-group\/","https:\/\/www.youtube.com\/@forwardis1948"]}]}},"_links":{"self":[{"href":"https:\/\/www.forwardis.com\/de\/wp-json\/wp\/v2\/pages\/5464","targetHints":{"allow":["GET"]}}],"collection":[{"href":"https:\/\/www.forwardis.com\/de\/wp-json\/wp\/v2\/pages"}],"about":[{"href":"https:\/\/www.forwardis.com\/de\/wp-json\/wp\/v2\/types\/page"}],"author":[{"embeddable":true,"href":"https:\/\/www.forwardis.com\/de\/wp-json\/wp\/v2\/users\/1"}],"replies":[{"embeddable":true,"href":"https:\/\/www.forwardis.com\/de\/wp-json\/wp\/v2\/comments?post=5464"}],"version-history":[{"count":13,"href":"https:\/\/www.forwardis.com\/de\/wp-json\/wp\/v2\/pages\/5464\/revisions"}],"predecessor-version":[{"id":5500,"href":"https:\/\/www.forwardis.com\/de\/wp-json\/wp\/v2\/pages\/5464\/revisions\/5500"}],"wp:attachment":[{"href":"https:\/\/www.forwardis.com\/de\/wp-json\/wp\/v2\/media?parent=5464"}],"curies":[{"name":"wp","href":"https:\/\/api.w.org\/{rel}","templated":true}]}}