{"id":5226,"date":"2022-08-26T11:05:14","date_gmt":"2022-08-26T10:05:14","guid":{"rendered":"https:\/\/www.forwardis.com\/confirmation\/"},"modified":"2023-04-26T15:38:51","modified_gmt":"2023-04-26T14:38:51","slug":"confirmation","status":"publish","type":"page","link":"https:\/\/www.forwardis.com\/fr\/confirmation\/","title":{"rendered":"Confirmation"},"content":{"rendered":"<div id=\"pl-5226\"  class=\"panel-layout\" ><div id=\"pg-5226-0\"  class=\"panel-grid panel-has-style\" ><div class=\"bg-grey panel-row-style panel-row-style-for-5226-0\" ><div id=\"pgc-5226-0-0\"  class=\"panel-grid-cell\" ><div class=\"container panel-cell-style panel-cell-style-for-5226-0-0\" ><div id=\"panel-5226-0-0-0\" class=\"so-panel widget widget_siteorigin-panels-builder panel-first-child panel-last-child\" data-index=\"0\" ><div id=\"pl-w6449377b68896\"  class=\"panel-layout\" ><div id=\"pg-w6449377b68896-0\"  class=\"panel-grid panel-no-style\" ><div id=\"pgc-w6449377b68896-0-0\"  class=\"panel-grid-cell\" ><div id=\"panel-w6449377b68896-0-0-0\" class=\"so-panel widget widget_sow-editor panel-first-child panel-last-child\" data-index=\"0\" ><div class=\"registration-confirmation-section panel-widget-style panel-widget-style-for-w6449377b68896-0-0-0\" ><div\n\t\t\t\n\t\t\tclass=\"so-widget-sow-editor so-widget-sow-editor-base\"\n\t\t\t\n\t\t>\n<div class=\"siteorigin-widget-tinymce textwidget\">\n\t<h2>UN LIEN DE T\u00c9L\u00c9CHARGEMENT A \u00c9T\u00c9 ENVOY\u00c9 \u00c0 VOTRE EMAIL<\/h2>\n<p>In the context of information architecture, information is separate from both knowledge and data, and lies nebulously between them.<br \/>\n<a href=\"https:\/\/www.forwardis.com\/services\/\">SEE MORE RESOURCES <\/a><a href=\"https:\/\/www.forwardis.com\/\">BACK TO HOME<\/a><\/p>\n<\/div>\n<\/div><\/div><\/div><\/div><\/div><\/div><\/div><\/div><\/div><\/div><\/div><\/div>","protected":false},"excerpt":{"rendered":"<p>UN LIEN DE T\u00c9L\u00c9CHARGEMENT A \u00c9T\u00c9 ENVOY\u00c9 \u00c0 VOTRE EMAIL In the context of information architecture, information is separate from both knowledge and data, and lies nebulously between them. SEE MORE RESOURCES BACK TO HOME<\/p>\n","protected":false},"author":1,"featured_media":0,"parent":0,"menu_order":0,"comment_status":"closed","ping_status":"closed","template":"templates\/ressource_confirm.php","meta":{"_acf_changed":false,"inline_featured_image":false,"footnotes":""},"class_list":["post-5226","page","type-page","status-publish","hentry"],"acf":[],"yoast_head":"<!-- This site is optimized with the Yoast SEO plugin v26.9 - https:\/\/yoast.com\/product\/yoast-seo-wordpress\/ -->\n<title>Confirmation - Forwardis<\/title>\n<meta name=\"robots\" content=\"index, follow, max-snippet:-1, max-image-preview:large, max-video-preview:-1\" \/>\n<link rel=\"canonical\" href=\"https:\/\/www.forwardis.com\/fr\/confirmation\/\" \/>\n<meta property=\"og:locale\" content=\"fr_FR\" \/>\n<meta property=\"og:type\" content=\"article\" \/>\n<meta property=\"og:title\" content=\"Confirmation - Forwardis\" \/>\n<meta property=\"og:description\" content=\"UN LIEN DE T\u00c9L\u00c9CHARGEMENT A \u00c9T\u00c9 ENVOY\u00c9 \u00c0 VOTRE EMAIL In the context of information architecture, information is separate from both knowledge and data, and lies nebulously between them. SEE MORE RESOURCES BACK TO HOME\" \/>\n<meta property=\"og:url\" content=\"https:\/\/www.forwardis.com\/fr\/confirmation\/\" \/>\n<meta property=\"og:site_name\" content=\"Forwardis\" \/>\n<meta property=\"article:modified_time\" content=\"2023-04-26T14:38:51+00:00\" \/>\n<meta name=\"twitter:card\" content=\"summary_large_image\" \/>\n<meta name=\"twitter:site\" content=\"@Forwardisgroup\" \/>\n<meta name=\"twitter:label1\" content=\"Dur\u00e9e de lecture estim\u00e9e\" \/>\n\t<meta name=\"twitter:data1\" content=\"1 minute\" \/>\n<script type=\"application\/ld+json\" class=\"yoast-schema-graph\">{\"@context\":\"https:\/\/schema.org\",\"@graph\":[{\"@type\":\"WebPage\",\"@id\":\"https:\/\/www.forwardis.com\/fr\/confirmation\/\",\"url\":\"https:\/\/www.forwardis.com\/fr\/confirmation\/\",\"name\":\"Confirmation - Forwardis\",\"isPartOf\":{\"@id\":\"https:\/\/www.forwardis.com\/#website\"},\"datePublished\":\"2022-08-26T10:05:14+00:00\",\"dateModified\":\"2023-04-26T14:38:51+00:00\",\"breadcrumb\":{\"@id\":\"https:\/\/www.forwardis.com\/fr\/confirmation\/#breadcrumb\"},\"inLanguage\":\"fr-FR\",\"potentialAction\":[{\"@type\":\"ReadAction\",\"target\":[\"https:\/\/www.forwardis.com\/fr\/confirmation\/\"]}]},{\"@type\":\"BreadcrumbList\",\"@id\":\"https:\/\/www.forwardis.com\/fr\/confirmation\/#breadcrumb\",\"itemListElement\":[{\"@type\":\"ListItem\",\"position\":1,\"name\":\"Home\",\"item\":\"https:\/\/www.forwardis.com\/fr\/\"},{\"@type\":\"ListItem\",\"position\":2,\"name\":\"Confirmation\"}]},{\"@type\":\"WebSite\",\"@id\":\"https:\/\/www.forwardis.com\/#website\",\"url\":\"https:\/\/www.forwardis.com\/\",\"name\":\"Forwardis\",\"description\":\"\",\"publisher\":{\"@id\":\"https:\/\/www.forwardis.com\/#organization\"},\"potentialAction\":[{\"@type\":\"SearchAction\",\"target\":{\"@type\":\"EntryPoint\",\"urlTemplate\":\"https:\/\/www.forwardis.com\/?s={search_term_string}\"},\"query-input\":{\"@type\":\"PropertyValueSpecification\",\"valueRequired\":true,\"valueName\":\"search_term_string\"}}],\"inLanguage\":\"fr-FR\"},{\"@type\":\"Organization\",\"@id\":\"https:\/\/www.forwardis.com\/#organization\",\"name\":\"Forwardis\",\"url\":\"https:\/\/www.forwardis.com\/\",\"logo\":{\"@type\":\"ImageObject\",\"inLanguage\":\"fr-FR\",\"@id\":\"https:\/\/www.forwardis.com\/#\/schema\/logo\/image\/\",\"url\":\"https:\/\/www.forwardis.com\/wp-content\/uploads\/2025\/03\/logo-Forwardi-couleur.svg\",\"contentUrl\":\"https:\/\/www.forwardis.com\/wp-content\/uploads\/2025\/03\/logo-Forwardi-couleur.svg\",\"width\":286,\"height\":66,\"caption\":\"Forwardis\"},\"image\":{\"@id\":\"https:\/\/www.forwardis.com\/#\/schema\/logo\/image\/\"},\"sameAs\":[\"https:\/\/x.com\/Forwardisgroup\",\"https:\/\/www.linkedin.com\/company\/forwardis-group\/\",\"https:\/\/www.youtube.com\/@forwardis1948\"]}]}<\/script>\n<!-- \/ Yoast SEO plugin. -->","yoast_head_json":{"title":"Confirmation - Forwardis","robots":{"index":"index","follow":"follow","max-snippet":"max-snippet:-1","max-image-preview":"max-image-preview:large","max-video-preview":"max-video-preview:-1"},"canonical":"https:\/\/www.forwardis.com\/fr\/confirmation\/","og_locale":"fr_FR","og_type":"article","og_title":"Confirmation - Forwardis","og_description":"UN LIEN DE T\u00c9L\u00c9CHARGEMENT A \u00c9T\u00c9 ENVOY\u00c9 \u00c0 VOTRE EMAIL In the context of information architecture, information is separate from both knowledge and data, and lies nebulously between them. SEE MORE RESOURCES BACK TO HOME","og_url":"https:\/\/www.forwardis.com\/fr\/confirmation\/","og_site_name":"Forwardis","article_modified_time":"2023-04-26T14:38:51+00:00","twitter_card":"summary_large_image","twitter_site":"@Forwardisgroup","twitter_misc":{"Dur\u00e9e de lecture estim\u00e9e":"1 minute"},"schema":{"@context":"https:\/\/schema.org","@graph":[{"@type":"WebPage","@id":"https:\/\/www.forwardis.com\/fr\/confirmation\/","url":"https:\/\/www.forwardis.com\/fr\/confirmation\/","name":"Confirmation - Forwardis","isPartOf":{"@id":"https:\/\/www.forwardis.com\/#website"},"datePublished":"2022-08-26T10:05:14+00:00","dateModified":"2023-04-26T14:38:51+00:00","breadcrumb":{"@id":"https:\/\/www.forwardis.com\/fr\/confirmation\/#breadcrumb"},"inLanguage":"fr-FR","potentialAction":[{"@type":"ReadAction","target":["https:\/\/www.forwardis.com\/fr\/confirmation\/"]}]},{"@type":"BreadcrumbList","@id":"https:\/\/www.forwardis.com\/fr\/confirmation\/#breadcrumb","itemListElement":[{"@type":"ListItem","position":1,"name":"Home","item":"https:\/\/www.forwardis.com\/fr\/"},{"@type":"ListItem","position":2,"name":"Confirmation"}]},{"@type":"WebSite","@id":"https:\/\/www.forwardis.com\/#website","url":"https:\/\/www.forwardis.com\/","name":"Forwardis","description":"","publisher":{"@id":"https:\/\/www.forwardis.com\/#organization"},"potentialAction":[{"@type":"SearchAction","target":{"@type":"EntryPoint","urlTemplate":"https:\/\/www.forwardis.com\/?s={search_term_string}"},"query-input":{"@type":"PropertyValueSpecification","valueRequired":true,"valueName":"search_term_string"}}],"inLanguage":"fr-FR"},{"@type":"Organization","@id":"https:\/\/www.forwardis.com\/#organization","name":"Forwardis","url":"https:\/\/www.forwardis.com\/","logo":{"@type":"ImageObject","inLanguage":"fr-FR","@id":"https:\/\/www.forwardis.com\/#\/schema\/logo\/image\/","url":"https:\/\/www.forwardis.com\/wp-content\/uploads\/2025\/03\/logo-Forwardi-couleur.svg","contentUrl":"https:\/\/www.forwardis.com\/wp-content\/uploads\/2025\/03\/logo-Forwardi-couleur.svg","width":286,"height":66,"caption":"Forwardis"},"image":{"@id":"https:\/\/www.forwardis.com\/#\/schema\/logo\/image\/"},"sameAs":["https:\/\/x.com\/Forwardisgroup","https:\/\/www.linkedin.com\/company\/forwardis-group\/","https:\/\/www.youtube.com\/@forwardis1948"]}]}},"_links":{"self":[{"href":"https:\/\/www.forwardis.com\/fr\/wp-json\/wp\/v2\/pages\/5226","targetHints":{"allow":["GET"]}}],"collection":[{"href":"https:\/\/www.forwardis.com\/fr\/wp-json\/wp\/v2\/pages"}],"about":[{"href":"https:\/\/www.forwardis.com\/fr\/wp-json\/wp\/v2\/types\/page"}],"author":[{"embeddable":true,"href":"https:\/\/www.forwardis.com\/fr\/wp-json\/wp\/v2\/users\/1"}],"replies":[{"embeddable":true,"href":"https:\/\/www.forwardis.com\/fr\/wp-json\/wp\/v2\/comments?post=5226"}],"version-history":[{"count":10,"href":"https:\/\/www.forwardis.com\/fr\/wp-json\/wp\/v2\/pages\/5226\/revisions"}],"predecessor-version":[{"id":6592,"href":"https:\/\/www.forwardis.com\/fr\/wp-json\/wp\/v2\/pages\/5226\/revisions\/6592"}],"wp:attachment":[{"href":"https:\/\/www.forwardis.com\/fr\/wp-json\/wp\/v2\/media?parent=5226"}],"curies":[{"name":"wp","href":"https:\/\/api.w.org\/{rel}","templated":true}]}}