{"id":5277,"date":"2022-08-19T13:24:10","date_gmt":"2022-08-19T12:24:10","guid":{"rendered":"https:\/\/www.forwardis.com\/terms-and-conditions\/"},"modified":"2025-06-19T17:47:42","modified_gmt":"2025-06-19T16:47:42","slug":"conditions-generales-de-vente","status":"publish","type":"page","link":"https:\/\/www.forwardis.com\/fr\/conditions-generales-de-vente\/","title":{"rendered":"Conditions g\u00e9n\u00e9rales de vente"},"content":{"rendered":"<div id=\"pl-5277\"  class=\"panel-layout\" ><div id=\"pg-5277-0\"  class=\"panel-grid panel-no-style\" ><div id=\"pgc-5277-0-0\"  class=\"panel-grid-cell\" ><div class=\"container panel-cell-style panel-cell-style-for-5277-0-0\" ><div id=\"panel-5277-0-0-0\" class=\"so-panel widget widget_text panel-first-child panel-last-child\" data-index=\"0\" ><h3 class=\"widget-title\">D\u00e9couvrez nos Conditions g\u00e9n\u00e9rales de vente<\/h3>\t\t\t<div class=\"textwidget\"><p>Conditions g\u00e9n\u00e9rales de Forwardis SAS \u2013 : <a href=\"https:\/\/www.forwardis.com\/wp-content\/uploads\/2025\/06\/CGV-Forwardis-01-01-2025-Francais.pdf\">CGV Forwardis 01-01-2025 Fran\u00e7ais<\/a><\/p>\n<\/div>\n\t\t<\/div><\/div><\/div><\/div><\/div>","protected":false},"excerpt":{"rendered":"<p>Conditions g\u00e9n\u00e9rales de Forwardis SAS \u2013 : CGV Forwardis 01-01-2025 Fran\u00e7ais<\/p>\n","protected":false},"author":1,"featured_media":0,"parent":0,"menu_order":0,"comment_status":"closed","ping_status":"closed","template":"templates\/terms_condition.php","meta":{"_acf_changed":false,"inline_featured_image":false,"footnotes":""},"class_list":["post-5277","page","type-page","status-publish","hentry"],"acf":[],"yoast_head":"<!-- This site is optimized with the Yoast SEO plugin v26.9 - https:\/\/yoast.com\/product\/yoast-seo-wordpress\/ -->\n<title>Conditions g\u00e9n\u00e9rales de vente - Forwardis<\/title>\n<meta name=\"description\" content=\"Cette page contient les conditions g\u00e9n\u00e9rales de vente standards et sp\u00e9cifiques pour l&#039;entreprise Forwardis.\" \/>\n<meta name=\"robots\" content=\"index, follow, max-snippet:-1, max-image-preview:large, max-video-preview:-1\" \/>\n<link rel=\"canonical\" href=\"https:\/\/www.forwardis.com\/fr\/conditions-generales-de-vente\/\" \/>\n<meta property=\"og:locale\" content=\"fr_FR\" \/>\n<meta property=\"og:type\" content=\"article\" \/>\n<meta property=\"og:title\" content=\"Conditions g\u00e9n\u00e9rales de vente - Forwardis\" \/>\n<meta property=\"og:description\" content=\"Cette page contient les conditions g\u00e9n\u00e9rales de vente standards et sp\u00e9cifiques pour l&#039;entreprise Forwardis.\" \/>\n<meta property=\"og:url\" content=\"https:\/\/www.forwardis.com\/fr\/conditions-generales-de-vente\/\" \/>\n<meta property=\"og:site_name\" content=\"Forwardis\" \/>\n<meta property=\"article:modified_time\" content=\"2025-06-19T16:47:42+00:00\" \/>\n<meta name=\"twitter:card\" content=\"summary_large_image\" \/>\n<meta name=\"twitter:site\" content=\"@Forwardisgroup\" \/>\n<meta name=\"twitter:label1\" content=\"Dur\u00e9e de lecture estim\u00e9e\" \/>\n\t<meta name=\"twitter:data1\" content=\"1 minute\" \/>\n<script type=\"application\/ld+json\" class=\"yoast-schema-graph\">{\"@context\":\"https:\/\/schema.org\",\"@graph\":[{\"@type\":\"WebPage\",\"@id\":\"https:\/\/www.forwardis.com\/fr\/conditions-generales-de-vente\/\",\"url\":\"https:\/\/www.forwardis.com\/fr\/conditions-generales-de-vente\/\",\"name\":\"Conditions g\u00e9n\u00e9rales de vente - Forwardis\",\"isPartOf\":{\"@id\":\"https:\/\/www.forwardis.com\/#website\"},\"datePublished\":\"2022-08-19T12:24:10+00:00\",\"dateModified\":\"2025-06-19T16:47:42+00:00\",\"description\":\"Cette page contient les conditions g\u00e9n\u00e9rales de vente standards et sp\u00e9cifiques pour l'entreprise Forwardis.\",\"breadcrumb\":{\"@id\":\"https:\/\/www.forwardis.com\/fr\/conditions-generales-de-vente\/#breadcrumb\"},\"inLanguage\":\"fr-FR\",\"potentialAction\":[{\"@type\":\"ReadAction\",\"target\":[\"https:\/\/www.forwardis.com\/fr\/conditions-generales-de-vente\/\"]}]},{\"@type\":\"BreadcrumbList\",\"@id\":\"https:\/\/www.forwardis.com\/fr\/conditions-generales-de-vente\/#breadcrumb\",\"itemListElement\":[{\"@type\":\"ListItem\",\"position\":1,\"name\":\"Home\",\"item\":\"https:\/\/www.forwardis.com\/fr\/\"},{\"@type\":\"ListItem\",\"position\":2,\"name\":\"Conditions g\u00e9n\u00e9rales de vente\"}]},{\"@type\":\"WebSite\",\"@id\":\"https:\/\/www.forwardis.com\/#website\",\"url\":\"https:\/\/www.forwardis.com\/\",\"name\":\"Forwardis\",\"description\":\"\",\"publisher\":{\"@id\":\"https:\/\/www.forwardis.com\/#organization\"},\"potentialAction\":[{\"@type\":\"SearchAction\",\"target\":{\"@type\":\"EntryPoint\",\"urlTemplate\":\"https:\/\/www.forwardis.com\/?s={search_term_string}\"},\"query-input\":{\"@type\":\"PropertyValueSpecification\",\"valueRequired\":true,\"valueName\":\"search_term_string\"}}],\"inLanguage\":\"fr-FR\"},{\"@type\":\"Organization\",\"@id\":\"https:\/\/www.forwardis.com\/#organization\",\"name\":\"Forwardis\",\"url\":\"https:\/\/www.forwardis.com\/\",\"logo\":{\"@type\":\"ImageObject\",\"inLanguage\":\"fr-FR\",\"@id\":\"https:\/\/www.forwardis.com\/#\/schema\/logo\/image\/\",\"url\":\"https:\/\/www.forwardis.com\/wp-content\/uploads\/2025\/03\/logo-Forwardi-couleur.svg\",\"contentUrl\":\"https:\/\/www.forwardis.com\/wp-content\/uploads\/2025\/03\/logo-Forwardi-couleur.svg\",\"width\":286,\"height\":66,\"caption\":\"Forwardis\"},\"image\":{\"@id\":\"https:\/\/www.forwardis.com\/#\/schema\/logo\/image\/\"},\"sameAs\":[\"https:\/\/x.com\/Forwardisgroup\",\"https:\/\/www.linkedin.com\/company\/forwardis-group\/\",\"https:\/\/www.youtube.com\/@forwardis1948\"]}]}<\/script>\n<!-- \/ Yoast SEO plugin. -->","yoast_head_json":{"title":"Conditions g\u00e9n\u00e9rales de vente - Forwardis","description":"Cette page contient les conditions g\u00e9n\u00e9rales de vente standards et sp\u00e9cifiques pour l'entreprise Forwardis.","robots":{"index":"index","follow":"follow","max-snippet":"max-snippet:-1","max-image-preview":"max-image-preview:large","max-video-preview":"max-video-preview:-1"},"canonical":"https:\/\/www.forwardis.com\/fr\/conditions-generales-de-vente\/","og_locale":"fr_FR","og_type":"article","og_title":"Conditions g\u00e9n\u00e9rales de vente - Forwardis","og_description":"Cette page contient les conditions g\u00e9n\u00e9rales de vente standards et sp\u00e9cifiques pour l'entreprise Forwardis.","og_url":"https:\/\/www.forwardis.com\/fr\/conditions-generales-de-vente\/","og_site_name":"Forwardis","article_modified_time":"2025-06-19T16:47:42+00:00","twitter_card":"summary_large_image","twitter_site":"@Forwardisgroup","twitter_misc":{"Dur\u00e9e de lecture estim\u00e9e":"1 minute"},"schema":{"@context":"https:\/\/schema.org","@graph":[{"@type":"WebPage","@id":"https:\/\/www.forwardis.com\/fr\/conditions-generales-de-vente\/","url":"https:\/\/www.forwardis.com\/fr\/conditions-generales-de-vente\/","name":"Conditions g\u00e9n\u00e9rales de vente - Forwardis","isPartOf":{"@id":"https:\/\/www.forwardis.com\/#website"},"datePublished":"2022-08-19T12:24:10+00:00","dateModified":"2025-06-19T16:47:42+00:00","description":"Cette page contient les conditions g\u00e9n\u00e9rales de vente standards et sp\u00e9cifiques pour l'entreprise Forwardis.","breadcrumb":{"@id":"https:\/\/www.forwardis.com\/fr\/conditions-generales-de-vente\/#breadcrumb"},"inLanguage":"fr-FR","potentialAction":[{"@type":"ReadAction","target":["https:\/\/www.forwardis.com\/fr\/conditions-generales-de-vente\/"]}]},{"@type":"BreadcrumbList","@id":"https:\/\/www.forwardis.com\/fr\/conditions-generales-de-vente\/#breadcrumb","itemListElement":[{"@type":"ListItem","position":1,"name":"Home","item":"https:\/\/www.forwardis.com\/fr\/"},{"@type":"ListItem","position":2,"name":"Conditions g\u00e9n\u00e9rales de vente"}]},{"@type":"WebSite","@id":"https:\/\/www.forwardis.com\/#website","url":"https:\/\/www.forwardis.com\/","name":"Forwardis","description":"","publisher":{"@id":"https:\/\/www.forwardis.com\/#organization"},"potentialAction":[{"@type":"SearchAction","target":{"@type":"EntryPoint","urlTemplate":"https:\/\/www.forwardis.com\/?s={search_term_string}"},"query-input":{"@type":"PropertyValueSpecification","valueRequired":true,"valueName":"search_term_string"}}],"inLanguage":"fr-FR"},{"@type":"Organization","@id":"https:\/\/www.forwardis.com\/#organization","name":"Forwardis","url":"https:\/\/www.forwardis.com\/","logo":{"@type":"ImageObject","inLanguage":"fr-FR","@id":"https:\/\/www.forwardis.com\/#\/schema\/logo\/image\/","url":"https:\/\/www.forwardis.com\/wp-content\/uploads\/2025\/03\/logo-Forwardi-couleur.svg","contentUrl":"https:\/\/www.forwardis.com\/wp-content\/uploads\/2025\/03\/logo-Forwardi-couleur.svg","width":286,"height":66,"caption":"Forwardis"},"image":{"@id":"https:\/\/www.forwardis.com\/#\/schema\/logo\/image\/"},"sameAs":["https:\/\/x.com\/Forwardisgroup","https:\/\/www.linkedin.com\/company\/forwardis-group\/","https:\/\/www.youtube.com\/@forwardis1948"]}]}},"_links":{"self":[{"href":"https:\/\/www.forwardis.com\/fr\/wp-json\/wp\/v2\/pages\/5277","targetHints":{"allow":["GET"]}}],"collection":[{"href":"https:\/\/www.forwardis.com\/fr\/wp-json\/wp\/v2\/pages"}],"about":[{"href":"https:\/\/www.forwardis.com\/fr\/wp-json\/wp\/v2\/types\/page"}],"author":[{"embeddable":true,"href":"https:\/\/www.forwardis.com\/fr\/wp-json\/wp\/v2\/users\/1"}],"replies":[{"embeddable":true,"href":"https:\/\/www.forwardis.com\/fr\/wp-json\/wp\/v2\/comments?post=5277"}],"version-history":[{"count":19,"href":"https:\/\/www.forwardis.com\/fr\/wp-json\/wp\/v2\/pages\/5277\/revisions"}],"predecessor-version":[{"id":8215,"href":"https:\/\/www.forwardis.com\/fr\/wp-json\/wp\/v2\/pages\/5277\/revisions\/8215"}],"wp:attachment":[{"href":"https:\/\/www.forwardis.com\/fr\/wp-json\/wp\/v2\/media?parent=5277"}],"curies":[{"name":"wp","href":"https:\/\/api.w.org\/{rel}","templated":true}]}}