{"id":5325,"date":"2022-08-26T06:59:11","date_gmt":"2022-08-26T05:59:11","guid":{"rendered":"https:\/\/www.forwardis.com\/registration-confirmation\/"},"modified":"2023-05-05T13:34:43","modified_gmt":"2023-05-05T12:34:43","slug":"confirmation-dinscription","status":"publish","type":"page","link":"https:\/\/www.forwardis.com\/fr\/confirmation-dinscription\/","title":{"rendered":"Confirmation d&rsquo;inscription"},"content":{"rendered":"<div id=\"pl-5325\"  class=\"panel-layout\" ><div id=\"pg-5325-0\"  class=\"panel-grid panel-has-style\" ><div class=\"bg-grey panel-row-style panel-row-style-for-5325-0\" ><div id=\"pgc-5325-0-0\"  class=\"panel-grid-cell\" ><div id=\"panel-5325-0-0-0\" class=\"so-panel widget widget_siteorigin-panels-builder panel-first-child panel-last-child\" data-index=\"0\" ><div id=\"pl-w64493b1ae4419\"  class=\"panel-layout\" ><div id=\"pg-w64493b1ae4419-0\"  class=\"panel-grid panel-no-style\" ><div id=\"pgc-w64493b1ae4419-0-0\"  class=\"panel-grid-cell\" ><div id=\"panel-w64493b1ae4419-0-0-0\" class=\"so-panel widget widget_sow-editor panel-first-child panel-last-child\" data-index=\"0\" ><div class=\"registration-confirmation-section panel-widget-style panel-widget-style-for-w64493b1ae4419-0-0-0\" ><div\n\t\t\t\n\t\t\tclass=\"so-widget-sow-editor so-widget-sow-editor-base\"\n\t\t\t\n\t\t>\n<div class=\"siteorigin-widget-tinymce textwidget\">\n\t<h2>UN LIEN DE PARTICIPATION SERA ENVOY\u00c9 \u00c0 VOTRE ADRESSE \u00c9LECTRONIQUE<\/h2>\n<p><strong><a href=\"https:\/\/www.forwardis.com\/\">RETOUR A L'ACCUEIL<\/a><\/strong><\/p>\n<\/div>\n<\/div><\/div><\/div><\/div><\/div><\/div><\/div><\/div><\/div><\/div><\/div>","protected":false},"excerpt":{"rendered":"<p>UN LIEN DE PARTICIPATION SERA ENVOY\u00c9 \u00c0 VOTRE ADRESSE \u00c9LECTRONIQUE RETOUR A L&rsquo;ACCUEIL<\/p>\n","protected":false},"author":1,"featured_media":0,"parent":0,"menu_order":0,"comment_status":"closed","ping_status":"closed","template":"templates\/index_without_container.php","meta":{"_acf_changed":false,"inline_featured_image":false,"footnotes":""},"class_list":["post-5325","page","type-page","status-publish","hentry"],"acf":[],"yoast_head":"<!-- This site is optimized with the Yoast SEO plugin v26.9 - https:\/\/yoast.com\/product\/yoast-seo-wordpress\/ -->\n<title>Confirmation d&#039;inscription - Forwardis<\/title>\n<meta name=\"description\" content=\"Votre inscription est confirm\u00e9e !\" \/>\n<meta name=\"robots\" content=\"index, follow, max-snippet:-1, max-image-preview:large, max-video-preview:-1\" \/>\n<link rel=\"canonical\" href=\"https:\/\/www.forwardis.com\/fr\/confirmation-dinscription\/\" \/>\n<meta property=\"og:locale\" content=\"fr_FR\" \/>\n<meta property=\"og:type\" content=\"article\" \/>\n<meta property=\"og:title\" content=\"Confirmation d&#039;inscription - Forwardis\" \/>\n<meta property=\"og:description\" content=\"Votre inscription est confirm\u00e9e !\" \/>\n<meta property=\"og:url\" content=\"https:\/\/www.forwardis.com\/fr\/confirmation-dinscription\/\" \/>\n<meta property=\"og:site_name\" content=\"Forwardis\" \/>\n<meta property=\"article:modified_time\" content=\"2023-05-05T12:34:43+00:00\" \/>\n<meta name=\"twitter:card\" content=\"summary_large_image\" \/>\n<meta name=\"twitter:site\" content=\"@Forwardisgroup\" \/>\n<meta name=\"twitter:label1\" content=\"Dur\u00e9e de lecture estim\u00e9e\" \/>\n\t<meta name=\"twitter:data1\" content=\"1 minute\" \/>\n<script type=\"application\/ld+json\" class=\"yoast-schema-graph\">{\"@context\":\"https:\/\/schema.org\",\"@graph\":[{\"@type\":\"WebPage\",\"@id\":\"https:\/\/www.forwardis.com\/fr\/confirmation-dinscription\/\",\"url\":\"https:\/\/www.forwardis.com\/fr\/confirmation-dinscription\/\",\"name\":\"Confirmation d'inscription - Forwardis\",\"isPartOf\":{\"@id\":\"https:\/\/www.forwardis.com\/#website\"},\"datePublished\":\"2022-08-26T05:59:11+00:00\",\"dateModified\":\"2023-05-05T12:34:43+00:00\",\"description\":\"Votre inscription est confirm\u00e9e !\",\"breadcrumb\":{\"@id\":\"https:\/\/www.forwardis.com\/fr\/confirmation-dinscription\/#breadcrumb\"},\"inLanguage\":\"fr-FR\",\"potentialAction\":[{\"@type\":\"ReadAction\",\"target\":[\"https:\/\/www.forwardis.com\/fr\/confirmation-dinscription\/\"]}]},{\"@type\":\"BreadcrumbList\",\"@id\":\"https:\/\/www.forwardis.com\/fr\/confirmation-dinscription\/#breadcrumb\",\"itemListElement\":[{\"@type\":\"ListItem\",\"position\":1,\"name\":\"Home\",\"item\":\"https:\/\/www.forwardis.com\/fr\/\"},{\"@type\":\"ListItem\",\"position\":2,\"name\":\"Confirmation d&rsquo;inscription\"}]},{\"@type\":\"WebSite\",\"@id\":\"https:\/\/www.forwardis.com\/#website\",\"url\":\"https:\/\/www.forwardis.com\/\",\"name\":\"Forwardis\",\"description\":\"\",\"publisher\":{\"@id\":\"https:\/\/www.forwardis.com\/#organization\"},\"potentialAction\":[{\"@type\":\"SearchAction\",\"target\":{\"@type\":\"EntryPoint\",\"urlTemplate\":\"https:\/\/www.forwardis.com\/?s={search_term_string}\"},\"query-input\":{\"@type\":\"PropertyValueSpecification\",\"valueRequired\":true,\"valueName\":\"search_term_string\"}}],\"inLanguage\":\"fr-FR\"},{\"@type\":\"Organization\",\"@id\":\"https:\/\/www.forwardis.com\/#organization\",\"name\":\"Forwardis\",\"url\":\"https:\/\/www.forwardis.com\/\",\"logo\":{\"@type\":\"ImageObject\",\"inLanguage\":\"fr-FR\",\"@id\":\"https:\/\/www.forwardis.com\/#\/schema\/logo\/image\/\",\"url\":\"https:\/\/www.forwardis.com\/wp-content\/uploads\/2025\/03\/logo-Forwardi-couleur.svg\",\"contentUrl\":\"https:\/\/www.forwardis.com\/wp-content\/uploads\/2025\/03\/logo-Forwardi-couleur.svg\",\"width\":286,\"height\":66,\"caption\":\"Forwardis\"},\"image\":{\"@id\":\"https:\/\/www.forwardis.com\/#\/schema\/logo\/image\/\"},\"sameAs\":[\"https:\/\/x.com\/Forwardisgroup\",\"https:\/\/www.linkedin.com\/company\/forwardis-group\/\",\"https:\/\/www.youtube.com\/@forwardis1948\"]}]}<\/script>\n<!-- \/ Yoast SEO plugin. -->","yoast_head_json":{"title":"Confirmation d'inscription - Forwardis","description":"Votre inscription est confirm\u00e9e !","robots":{"index":"index","follow":"follow","max-snippet":"max-snippet:-1","max-image-preview":"max-image-preview:large","max-video-preview":"max-video-preview:-1"},"canonical":"https:\/\/www.forwardis.com\/fr\/confirmation-dinscription\/","og_locale":"fr_FR","og_type":"article","og_title":"Confirmation d'inscription - Forwardis","og_description":"Votre inscription est confirm\u00e9e !","og_url":"https:\/\/www.forwardis.com\/fr\/confirmation-dinscription\/","og_site_name":"Forwardis","article_modified_time":"2023-05-05T12:34:43+00:00","twitter_card":"summary_large_image","twitter_site":"@Forwardisgroup","twitter_misc":{"Dur\u00e9e de lecture estim\u00e9e":"1 minute"},"schema":{"@context":"https:\/\/schema.org","@graph":[{"@type":"WebPage","@id":"https:\/\/www.forwardis.com\/fr\/confirmation-dinscription\/","url":"https:\/\/www.forwardis.com\/fr\/confirmation-dinscription\/","name":"Confirmation d'inscription - Forwardis","isPartOf":{"@id":"https:\/\/www.forwardis.com\/#website"},"datePublished":"2022-08-26T05:59:11+00:00","dateModified":"2023-05-05T12:34:43+00:00","description":"Votre inscription est confirm\u00e9e !","breadcrumb":{"@id":"https:\/\/www.forwardis.com\/fr\/confirmation-dinscription\/#breadcrumb"},"inLanguage":"fr-FR","potentialAction":[{"@type":"ReadAction","target":["https:\/\/www.forwardis.com\/fr\/confirmation-dinscription\/"]}]},{"@type":"BreadcrumbList","@id":"https:\/\/www.forwardis.com\/fr\/confirmation-dinscription\/#breadcrumb","itemListElement":[{"@type":"ListItem","position":1,"name":"Home","item":"https:\/\/www.forwardis.com\/fr\/"},{"@type":"ListItem","position":2,"name":"Confirmation d&rsquo;inscription"}]},{"@type":"WebSite","@id":"https:\/\/www.forwardis.com\/#website","url":"https:\/\/www.forwardis.com\/","name":"Forwardis","description":"","publisher":{"@id":"https:\/\/www.forwardis.com\/#organization"},"potentialAction":[{"@type":"SearchAction","target":{"@type":"EntryPoint","urlTemplate":"https:\/\/www.forwardis.com\/?s={search_term_string}"},"query-input":{"@type":"PropertyValueSpecification","valueRequired":true,"valueName":"search_term_string"}}],"inLanguage":"fr-FR"},{"@type":"Organization","@id":"https:\/\/www.forwardis.com\/#organization","name":"Forwardis","url":"https:\/\/www.forwardis.com\/","logo":{"@type":"ImageObject","inLanguage":"fr-FR","@id":"https:\/\/www.forwardis.com\/#\/schema\/logo\/image\/","url":"https:\/\/www.forwardis.com\/wp-content\/uploads\/2025\/03\/logo-Forwardi-couleur.svg","contentUrl":"https:\/\/www.forwardis.com\/wp-content\/uploads\/2025\/03\/logo-Forwardi-couleur.svg","width":286,"height":66,"caption":"Forwardis"},"image":{"@id":"https:\/\/www.forwardis.com\/#\/schema\/logo\/image\/"},"sameAs":["https:\/\/x.com\/Forwardisgroup","https:\/\/www.linkedin.com\/company\/forwardis-group\/","https:\/\/www.youtube.com\/@forwardis1948"]}]}},"_links":{"self":[{"href":"https:\/\/www.forwardis.com\/fr\/wp-json\/wp\/v2\/pages\/5325","targetHints":{"allow":["GET"]}}],"collection":[{"href":"https:\/\/www.forwardis.com\/fr\/wp-json\/wp\/v2\/pages"}],"about":[{"href":"https:\/\/www.forwardis.com\/fr\/wp-json\/wp\/v2\/types\/page"}],"author":[{"embeddable":true,"href":"https:\/\/www.forwardis.com\/fr\/wp-json\/wp\/v2\/users\/1"}],"replies":[{"embeddable":true,"href":"https:\/\/www.forwardis.com\/fr\/wp-json\/wp\/v2\/comments?post=5325"}],"version-history":[{"count":11,"href":"https:\/\/www.forwardis.com\/fr\/wp-json\/wp\/v2\/pages\/5325\/revisions"}],"predecessor-version":[{"id":7038,"href":"https:\/\/www.forwardis.com\/fr\/wp-json\/wp\/v2\/pages\/5325\/revisions\/7038"}],"wp:attachment":[{"href":"https:\/\/www.forwardis.com\/fr\/wp-json\/wp\/v2\/media?parent=5325"}],"curies":[{"name":"wp","href":"https:\/\/api.w.org\/{rel}","templated":true}]}}